{"id":28,"date":"2017-04-27T17:56:10","date_gmt":"2017-04-27T15:56:10","guid":{"rendered":"http:\/\/lmgn.fr\/?page_id=28"},"modified":"2017-04-27T18:34:03","modified_gmt":"2017-04-27T16:34:03","slug":"assistance","status":"publish","type":"page","link":"https:\/\/www.lmgn.fr\/?page_id=28","title":{"rendered":"Assistance"},"content":{"rendered":"<p style=\"text-align: center;\">Merci de bien vouloir cliquer sur le bouton ci-dessous afin de t\u00e9l\u00e9charger notre module d&rsquo;assistance \u00e0 distance de votre ordinateur :<\/p>\n<p style=\"text-align: center;\"><!-- TeamViewer Logo (generated at http:\/\/www.teamviewer.com) --><\/p>\n<div style=\"position: relative; width: 200px; height: 125px;\"><a style=\"text-decoration: none;\" href=\"http:\/\/www.teamviewer.com\/link\/?url=505374&amp;id=97104238\"><br \/>\n<img decoding=\"async\" loading=\"lazy\" title=\"TeamViewer pour T\u00e9l\u00e9-assistance\" src=\"http:\/\/www.teamviewer.com\/link\/?url=246800&amp;id=97104238\" alt=\"TeamViewer pour T\u00e9l\u00e9-assistance\" width=\"200\" height=\"125\" border=\"0\" \/><br \/>\n<span style=\"position: absolute; top: 74.5px; left: 5px; display: block; cursor: pointer; color: white; font-family: Arial; font-size: 15px; line-height: 1.2em; font-weight: bold; text-align: center; width: 190px;\"><br \/>\nAvec TeamViewer pour T\u00e9l\u00e9-assistance !<br \/>\n<\/span><br \/>\n<\/a><\/div>\n","protected":false},"excerpt":{"rendered":"<p>Merci de bien vouloir cliquer sur le bouton ci-dessous afin de t\u00e9l\u00e9charger notre module d&rsquo;assistance \u00e0 distance de votre ordinateur : Avec TeamViewer pour T\u00e9l\u00e9-assistance !<\/p>\n","protected":false},"author":1,"featured_media":38,"parent":0,"menu_order":0,"comment_status":"closed","ping_status":"closed","template":"","meta":[],"_links":{"self":[{"href":"https:\/\/www.lmgn.fr\/index.php?rest_route=\/wp\/v2\/pages\/28"}],"collection":[{"href":"https:\/\/www.lmgn.fr\/index.php?rest_route=\/wp\/v2\/pages"}],"about":[{"href":"https:\/\/www.lmgn.fr\/index.php?rest_route=\/wp\/v2\/types\/page"}],"author":[{"embeddable":true,"href":"https:\/\/www.lmgn.fr\/index.php?rest_route=\/wp\/v2\/users\/1"}],"replies":[{"embeddable":true,"href":"https:\/\/www.lmgn.fr\/index.php?rest_route=%2Fwp%2Fv2%2Fcomments&post=28"}],"version-history":[{"count":3,"href":"https:\/\/www.lmgn.fr\/index.php?rest_route=\/wp\/v2\/pages\/28\/revisions"}],"predecessor-version":[{"id":40,"href":"https:\/\/www.lmgn.fr\/index.php?rest_route=\/wp\/v2\/pages\/28\/revisions\/40"}],"wp:featuredmedia":[{"embeddable":true,"href":"https:\/\/www.lmgn.fr\/index.php?rest_route=\/wp\/v2\/media\/38"}],"wp:attachment":[{"href":"https:\/\/www.lmgn.fr\/index.php?rest_route=%2Fwp%2Fv2%2Fmedia&parent=28"}],"curies":[{"name":"wp","href":"https:\/\/api.w.org\/{rel}","templated":true}]}}